{"id":6997,"date":"2023-02-25T12:10:24","date_gmt":"2023-02-25T11:10:24","guid":{"rendered":"https:\/\/heleneleleux.be\/?post_type=product&#038;p=6997"},"modified":"2023-02-26T12:43:58","modified_gmt":"2023-02-26T11:43:58","slug":"cheque-cadeau","status":"publish","type":"product","link":"https:\/\/heleneleleux.be\/index.php\/produit\/cheque-cadeau\/","title":{"rendered":"Ch\u00e8que Cadeau &#8211; Acupuncture"},"content":{"rendered":"<p>Offrez un Ch\u00e8que-Cadeau d&rsquo;une s\u00e9ance d&rsquo;acupuncture \u00e0 un proche<\/p>\n","protected":false},"excerpt":{"rendered":"<p>Offrez un Ch\u00e8que-Cadeau d&rsquo;une s\u00e9ance d&rsquo;acupuncture \u00e0 un proche<\/p>\n","protected":false},"featured_media":7038,"template":"","meta":[],"product_brand":[],"product_cat":[146],"product_tag":[],"class_list":{"0":"post-6997","1":"product","2":"type-product","3":"status-publish","4":"has-post-thumbnail","6":"product_cat-non-classe","8":"first","9":"instock","10":"virtual","11":"purchasable","12":"product-type-simple","13":"w-item","14":"col-4"},"jetpack_sharing_enabled":true,"_links":{"self":[{"href":"https:\/\/heleneleleux.be\/index.php\/wp-json\/wp\/v2\/product\/6997","targetHints":{"allow":["GET"]}}],"collection":[{"href":"https:\/\/heleneleleux.be\/index.php\/wp-json\/wp\/v2\/product"}],"about":[{"href":"https:\/\/heleneleleux.be\/index.php\/wp-json\/wp\/v2\/types\/product"}],"wp:featuredmedia":[{"embeddable":true,"href":"https:\/\/heleneleleux.be\/index.php\/wp-json\/wp\/v2\/media\/7038"}],"wp:attachment":[{"href":"https:\/\/heleneleleux.be\/index.php\/wp-json\/wp\/v2\/media?parent=6997"}],"wp:term":[{"taxonomy":"product_brand","embeddable":true,"href":"https:\/\/heleneleleux.be\/index.php\/wp-json\/wp\/v2\/product_brand?post=6997"},{"taxonomy":"product_cat","embeddable":true,"href":"https:\/\/heleneleleux.be\/index.php\/wp-json\/wp\/v2\/product_cat?post=6997"},{"taxonomy":"product_tag","embeddable":true,"href":"https:\/\/heleneleleux.be\/index.php\/wp-json\/wp\/v2\/product_tag?post=6997"}],"curies":[{"name":"wp","href":"https:\/\/api.w.org\/{rel}","templated":true}]}}