{"id":7020,"date":"2023-02-26T10:21:10","date_gmt":"2023-02-26T09:21:10","guid":{"rendered":"https:\/\/heleneleleux.be\/?post_type=product&#038;p=7020"},"modified":"2023-02-26T12:42:39","modified_gmt":"2023-02-26T11:42:39","slug":"cheque-cadeau-1-seance-de-reflexologie-plantaire","status":"publish","type":"product","link":"https:\/\/heleneleleux.be\/index.php\/produit\/cheque-cadeau-1-seance-de-reflexologie-plantaire\/","title":{"rendered":"Ch\u00e8que Cadeau &#8211; R\u00e9flexologie plantaire"},"content":{"rendered":"<p>Offrez un Ch\u00e8que Cadeau d&rsquo;une s\u00e9ance de r\u00e9flexologie plantaire \u00e0 un proche<\/p>\n","protected":false},"excerpt":{"rendered":"<p>Offrez un Ch\u00e8que Cadeau d&rsquo;une s\u00e9ance de r\u00e9flexologie plantaire \u00e0 un proche<\/p>\n","protected":false},"featured_media":7039,"template":"","meta":[],"product_brand":[],"product_cat":[146],"product_tag":[],"class_list":{"0":"post-7020","1":"product","2":"type-product","3":"status-publish","4":"has-post-thumbnail","6":"product_cat-non-classe","8":"first","9":"instock","10":"virtual","11":"purchasable","12":"product-type-simple","13":"w-item","14":"col-4"},"jetpack_sharing_enabled":true,"_links":{"self":[{"href":"https:\/\/heleneleleux.be\/index.php\/wp-json\/wp\/v2\/product\/7020","targetHints":{"allow":["GET"]}}],"collection":[{"href":"https:\/\/heleneleleux.be\/index.php\/wp-json\/wp\/v2\/product"}],"about":[{"href":"https:\/\/heleneleleux.be\/index.php\/wp-json\/wp\/v2\/types\/product"}],"wp:featuredmedia":[{"embeddable":true,"href":"https:\/\/heleneleleux.be\/index.php\/wp-json\/wp\/v2\/media\/7039"}],"wp:attachment":[{"href":"https:\/\/heleneleleux.be\/index.php\/wp-json\/wp\/v2\/media?parent=7020"}],"wp:term":[{"taxonomy":"product_brand","embeddable":true,"href":"https:\/\/heleneleleux.be\/index.php\/wp-json\/wp\/v2\/product_brand?post=7020"},{"taxonomy":"product_cat","embeddable":true,"href":"https:\/\/heleneleleux.be\/index.php\/wp-json\/wp\/v2\/product_cat?post=7020"},{"taxonomy":"product_tag","embeddable":true,"href":"https:\/\/heleneleleux.be\/index.php\/wp-json\/wp\/v2\/product_tag?post=7020"}],"curies":[{"name":"wp","href":"https:\/\/api.w.org\/{rel}","templated":true}]}}